{"id":10,"date":"2026-02-01T14:25:09","date_gmt":"2026-02-01T14:25:09","guid":{"rendered":"https:\/\/kratochwil.at\/woo\/?page_id=10"},"modified":"2026-02-01T14:34:04","modified_gmt":"2026-02-01T14:34:04","slug":"datenschutzerklaerung","status":"publish","type":"page","link":"https:\/\/kratochwil.at\/woo\/datenschutzerklaerung\/","title":{"rendered":"Datenschutzerkl\u00e4rung"},"content":{"rendered":"\n<p class=\"is-style-text-subtitle has-medium-font-size is-style-text-subtitle--1\"><strong>Geltungsbereich<\/strong><\/p>\n\n\n\n<p class=\"has-small-font-size\">Diese Datenschutzerkl\u00e4rung soll Nutzer dieser Webseite gem\u00e4\u00df der europ\u00e4ischen Datenschutzgrundverordnung (DSGVO) \u00fcber die Art, den Umfang und den Zweck der Erhebung und Verwendung personenbezogener Daten durch den Webseitenbetreiber informieren.<br>Der Webseitenbetreiber nimmt Datenschutz sehr ernst und behandelt personenbezogene Daten vertraulich und entsprechend gesetzlichen Vorschriften.<br>Bedenken Sie, dass bei Daten\u00fcbertragung im Internet grunds\u00e4tzlich ein Risiko von Sicherheitsl\u00fccken besteht. Ein vollumf\u00e4nglicher Schutz vor dem Zugriff durch Fremde ist nicht realisierbar.<\/p>\n\n\n\n<p class=\"is-style-text-subtitle has-medium-font-size is-style-text-subtitle--2\"><strong><br>Zugriffsdaten<\/strong><\/p>\n\n\n\n<p class=\"has-small-font-size\">Der Webseitenbetreiber bzw. Provider erhebt Daten \u00fcber Zugriffe auf die Seite und speichert diese als \u201eServer-Logfiles\u201c ab. Folgende Daten werden protokolliert:<br>\u2022 Besuchte Website<br>\u2022 Uhrzeit zum Zeitpunkt des Zugriffes<br>\u2022 Menge der gesendeten Daten in Byte<br>\u2022 Quelle\/Verweis, wie Sie auf die Seite gelangten<br>\u2022 Verwendeter Browser<br>\u2022 Verwendetes Betriebssystem<br>\u2022 Verwendete IP-Adresse<br>Die erhobenen Daten dienen statistischen Auswertungen und zur Verbesserung der Webseite. Der Webseitenbetreiber beh\u00e4lt sich vor, Server-Logfiles zu \u00fcberpr\u00fcfen, sollten konkrete Anhaltspunkte auf eine rechtswidrige Nutzung hinweisen.<\/p>\n\n\n\n<p class=\"is-style-text-subtitle has-medium-font-size is-style-text-subtitle--3\"><strong><br>Cookies<\/strong><\/p>\n\n\n\n<p class=\"has-small-font-size\">Dieser Webauftritt verwendet Cookies. Dabei handelt es sich um kleine Textdateien, welche auf Ihrem Endger\u00e4t gespeichert werden. Diese richten keinerlei Schaden an. Ihr Browser greift auf diese Dateien zu. Durch den Einsatz von Cookies erh\u00f6ht sich die Benutzerfreundlichkeit und Sicherheit dieser Webseite.<br>Browser bieten die Einstellungsoption, Cookies nicht zuzulassen.<br>Es ist nicht gew\u00e4hrleistet, dass Sie auf alle Funktionen dieser Webseite ohne Einschr\u00e4nkungen zugreifen k\u00f6nnen, wenn Ihr Browser keine Cookies zul\u00e4sst.<\/p>\n\n\n\n<p class=\"is-style-text-subtitle has-medium-font-size is-style-text-subtitle--4\"><strong><br>Personenbezogene Daten<\/strong><\/p>\n\n\n\n<p class=\"has-small-font-size\">Der Webseitenbetreiber erhebt, nutzt und gibt personenbezogene Daten nur weiter, wenn dies im gesetzlichen Rahmen erlaubt ist oder eine explizite Einwilligung vorliegt.<br>Als personenbezogene Daten gelten s\u00e4mtliche Informationen, welche dazu dienen, Ihre Person zu bestimmen und welche zu Ihnen zur\u00fcckverfolgt werden k\u00f6nnen \u2013 also beispielsweise Ihr Name, Ihre E-Mail-Adresse und Telefonnummer.<\/p>\n\n\n\n<p class=\"is-style-text-subtitle has-medium-font-size is-style-text-subtitle--5\"><strong><br> Kontaktdaten<\/strong><\/p>\n\n\n\n<p class=\"has-small-font-size\">Nehmen Sie mit dem Webseitenbetreiber durch die angebotenen Kontaktm\u00f6glichkeiten Verbindung auf, werden Ihre Angaben f\u00fcr einen Zeitraum von sechs Monaten gespeichert, damit auf diese zur Bearbeitung und Beantwortung Ihrer Anfrage und f\u00fcr den Fall von Anschlussfragen zur\u00fcckgegriffen werden kann. Ohne Ihre Einwilligung werden diese Daten nicht an Dritte weitergegeben.<\/p>\n\n\n\n<p class=\"is-style-text-subtitle has-medium-font-size is-style-text-subtitle--6\"><strong><br>Kommentare und Beitr\u00e4ge<\/strong><\/p>\n\n\n\n<p class=\"has-small-font-size\">Hinterlassen Sie auf dieser Webseite einen Beitrag oder Kommentar, wird Ihre IP-Adresse gespeichert. Dies dient der Sicherheit des Webseitenbetreibers: Verst\u00f6\u00dfe gegen geltendes Recht k\u00f6nnen nachverfolgt werden.<\/p>\n\n\n\n<p class=\"has-small-font-size\">Sie haben die M\u00f6glichkeit auf diesen Internetseiten Fragen, Antworten, Meinungen oder Bewertungen, nachfolgend \u201eBeitr\u00e4ge\u201c genannt, zu ver\u00f6ffentlichen. Sofern Sie dieses Angebot in Anspruch nehmen, wird Ihr Beitrag mit Datum, Uhrzeit der Einreichung und dem von Ihnen ggf. genutzte Pseudonym ver\u00f6ffentlicht.<\/p>\n\n\n\n<p class=\"has-small-font-size\">Rechtsgrundlage hierbei ist Art. 6 Abs. 1 lit. a) DSGVO. Die Einwilligung k\u00f6nnen Sie gem\u00e4\u00df Art. 7 Abs. 3 DSGVO jederzeit mit Wirkung f\u00fcr die Zukunft widerrufen. Hierzu m\u00fcssen Sie uns lediglich \u00fcber Ihren Widerruf in Kenntnis setzen.<\/p>\n\n\n\n<p class=\"has-small-font-size\">Dar\u00fcber hinaus verarbeiten wir auch Ihre IP- und E-Mail-Adresse. Die IP-Adresse wird verarbeitet, weil wir ein berechtigtes Interesse daran haben, weitere Schritte einzuleiten oder zu unterst\u00fctzen, sofern Ihr Beitrag in Rechte Dritter eingreift und\/oder er sonst wie rechtswidrig erfolgt.<\/p>\n\n\n\n<p class=\"has-small-font-size\">Rechtsgrundlage ist in diesem Fall Art. 6 Abs. 1 lit. f) DSGVO. Unser berechtigtes Interesse liegt in der ggf. notwendigen Rechtsverteidigung.<\/p>\n\n\n\n<p class=\"is-style-text-subtitle has-medium-font-size is-style-text-subtitle--7\"><strong><br>Abonnements<\/strong><\/p>\n\n\n\n<p class=\"has-small-font-size\">Sie haben die M\u00f6glichkeit, sowohl die gesamte Website als auch Nachfolgekommentare auf Ihren Beitrag zu abonnieren. Sie erhalten eine E-Mail zur Best\u00e4tigung Ihrer E-Mail-Adresse. Neben dieser werden keine weiteren Daten erhoben. Die gespeicherten Daten werden nicht an Dritte weitergereicht. Sie k\u00f6nnen ein Abonnement jederzeit k\u00fcndigen.<\/p>\n\n\n\n<p class=\"is-style-text-subtitle has-medium-font-size is-style-text-subtitle--8\"><strong><br>Google Analytics<\/strong><\/p>\n\n\n\n<p class=\"has-small-font-size\">Diese Webseite nutzt den Dienst \u201eGoogle Analytics\u201c, welcher von Google Inc. (1600 Amphitheatre Parkway Mountain View, CA 94043, USA) angeboten wird zur Analyse der Webseitennnutzung durch Besucher. Der Dienst verwendet \u201eCookies\u201c \u2013 Textdateien, welche auf Ihrem Endger\u00e4t gespeichert werden. Die durch Cookies gesammelten Informationen werden im Regelfall an einen Google-Server in den USA gesandt und dort gespeichert.<br><br>Auf dieser Website greift die IP-Anonymisierung. Die IP-Adresse der Nutzer wird innerhalb der Mitgliedsstaaten der EU und des Europ\u00e4ischen Wirtschaftsraum gek\u00fcrzt. Durch diese K\u00fcrzung entf\u00e4llt der Personenbezug Ihrer IP-Adresse. Im Rahmen der Vereinbarung zur Auftragsdatenvereinbarung, welche die Webseitenbetreiber mit Google Inc. geschlossen haben, erstellt diese mithilfe der gesammelten Informationen eine Auswertung der Webseitennutzung und der Webseitenaktivit\u00e4t und erbringt mit der Internetnutzung verbundene Dienstleistungen.<br>Sie haben die M\u00f6glichkeit, die Speicherung von Cookies auf Ihrem Ger\u00e4t zu verhindern, indem Sie in Ihrem Browser entsprechende Einstellungen vornehmen. Es ist nicht gew\u00e4hrleistet, dass Sie auf alle Funktionen dieser Website ohne Einschr\u00e4nkungen zugreifen k\u00f6nnen, wenn Ihr Browser keine Cookies zul\u00e4sst.<br><br>Weiterhin k\u00f6nnen Sie durch ein Browser-Plugin verhindern, dass die durch Cookies gesammelten Informationen (inklusive Ihrer IP-Adresse) an die Google Inc. gesendet und von Google Inc. genutzt werden. Folgender Link f\u00fchrt Sie zu dem entsprechenden Plugin:&nbsp;<a href=\"https:\/\/tools.google.com\/dlpage\/gaoptout?hl=de\">https:\/\/tools.google.com\/dlpage\/gaoptout?hl=de<\/a><br><br>Alternativ verhindern Sie mit einem&nbsp;<a href=\"javascript:gaOptout()\">Klick auf diesen Link<\/a>, dass Google Analytics innerhalb dieser Website Daten \u00fcber Sie erfasst. Mit dem Klick auf obigen Link laden Sie ein \u201eOpt-Out-Cookie\u201c herunter. Ihr Browser muss die Speicherung von Cookies also hierzu grunds\u00e4tzlich erlauben. L\u00f6schen Sie Ihre Cookies regelm\u00e4\u00dfig, ist ein erneuter Klick auf den Link bei jedem Besuch dieser Website erforderlich.<br>Weitere Informationen zur Datennutzung durch Google Inc finden Sie in folgendem Link: <a href=\"https:\/\/support.google.com\/analytics\/answer\/6004245?hl=de\">https:\/\/support.google.com\/analytics\/answer\/6004245?hl=de<\/a><\/p>\n\n\n\n<p class=\"is-style-text-subtitle has-medium-font-size is-style-text-subtitle--9\"><strong><br>Nutzung von Social-Media-Plugins<\/strong><\/p>\n\n\n\n<p class=\"has-small-font-size\">Diese Webseite verwendet Facebook Social Media Plugins, welches von Facebook Inc. (1 Hacker Way, Menlo Park, California 94025, USA) betrieben wird. Erkennbar sind die Einbindungen an dem Facebook-Logo bzw. an den Begriffen \u201eLike\u201c, \u201eGef\u00e4llt mir\u201c, \u201eTeilen\u201c in den Farben Facebooks (Blau und Wei\u00df). Informationen zu allen Facebook-Plugins finden Sie in folgendem Link:&nbsp;<a href=\"https:\/\/developers.facebook.com\/docs\/plugins\/\">https:\/\/developers.facebook.com\/docs\/plugins\/<\/a><\/p>\n\n\n\n<p class=\"has-small-font-size\">Das Plugin stellt eine direkte Verbindung zwischen Ihrem Browser und den Facebook-Servern her. Der Webseitenbetreiber hat keinerlei Einfluss auf Natur und Umfang der Daten, welche an Server von Facebook Inc. \u00fcbermittelt werden. Informationen dazu finden Sie in folgendem Link:&nbsp;<a href=\"https:\/\/www.facebook.com\/help\/186325668085084\">https:\/\/www.facebook.com\/help\/186325668085084<\/a><br>Das Plugin informiert Facebook Inc. dar\u00fcber, dass Sie als Nutzer diese Webseite besucht haben. Es besteht hierbei die M\u00f6glichkeit, dass Ihre IP-Adresse gespeichert wird. Sind Sie w\u00e4hrend des Besuchs dieser Webseite in Ihrem Facebook-Konto eingeloggt, werden die genannten Informationen mit diesem verkn\u00fcpft.<\/p>\n\n\n\n<p class=\"has-small-font-size\">Nutzen Sie die Funktionen des Plugins \u2013 etwa indem Sie einen Beitrag teilen oder \u201eliken\u201c \u2013 werden die entsprechenden Informationen ebenfalls an die Facebook Inc. \u00fcbermittelt.<br><br>Wollen Sie verhindern, dass Facebook. Inc. diese Daten mit Ihrem Facebook-Konto verkn\u00fcpft, loggen Sie sich vor dem Besuch dieser Webseite bei Facebook aus.<br><br>Weiterhin nutzt diese Webseite die \u201e+1\u201c-Schaltfl\u00e4che von Google Plus. Betrieben wird diese von der Google Inc. (1600 Amphitheatre Parkway Mountain View, CA 94043, USA). Besuchen Sie eine Seite, welche die \u201e+1\u201c-Schaltfl\u00e4che enth\u00e4lt, entsteht eine direkte Verbindung zwischen Ihrem Browser und den Google-Servern. Der Webseitenbetreiber hat keinerlei Einfluss auf die Natur und den Umfang der Daten, welche das Plugin an die Server der Google Inc. \u00fcbermitteln. Klicken Sie auf den \u201e+1\u201c-Button, w\u00e4hrend Sie in Google + angemeldet sind, teilen Sie die Inhalte der Seite auf Ihrem \u00f6ffentlichen Profil.<br><br>Personenbezogene Daten werden laut Google Inc. erst dann erhoben, wenn Sie auf die Schaltfl\u00e4che klicken. Bei eingeloggten Google-Nutzern wird unter anderem die IP-Adresse gespeichert. Wollen Sie verhindern, dass Google Inc. diese Daten speichert und mit Ihrem Konto verkn\u00fcpft, loggen Sie sich bitte vor dem Besuch dieser Webseite aus.<br><br>Informationen zur \u201e+1\u201c-Schaltfl\u00e4che finden Sie in folgendem Link:&nbsp;<a href=\"https:\/\/developers.google.com\/+\/web\/buttons-policy\">https:\/\/developers.google.com\/+\/web\/buttons-policy<\/a>.<br><br>Weiterhin nutzt diese Webseite Twitter-Schaltfl\u00e4chen. Betrieben werden diese von Twitter Inc. (795 Folsom St., Suite 600, San Francisco, CA 94107, USA). Besuchen Sie eine Seite, welche eine solche Schaltfl\u00e4che enth\u00e4lt, entsteht eine direkte Verbindung zwischen Ihrem Browser und den Twitter-Servern. Der Webseitenbetreiber hat keinerlei Einfluss \u00fcber Natur und Umfang der Daten, welche an Twitter Inc. \u00dcbermittelt werden.<br><br>Gem\u00e4\u00df Twitter Inc. wird dabei nur Ihre IP-Adresse erhoben und gespeichert.<br>Informationen zu dem Umgang mit personenbezogenen Daten durch Twitter Inc. finden Sie in folgendem Link:&nbsp;<a href=\"https:\/\/twitter.com\/privacy?lang=de\">https:\/\/twitter.com\/privacy?lang=de<\/a><\/p>\n\n\n\n<p class=\"is-style-text-subtitle has-medium-font-size is-style-text-subtitle--10\"><strong><br>Newsletter-Abonnement<\/strong><\/p>\n\n\n\n<p class=\"has-small-font-size\">Der Webseitenbetreiber bietet einen Newsletter an, der \u00fcber aktuelle Geschehnisse und Angebote informiert. M\u00f6chten Sie den Newsletter abonnieren, m\u00fcssen Sie eine g\u00fcltige E-Mail-Adresse angeben. Diese wird f\u00fcr den Versand des abonnierten Newsletters verwendet und nicht an Dritte weitergegeben. Das Abonnement kann jederzeit gek\u00fcndigt werden.<\/p>\n\n\n\n<p class=\"is-style-text-subtitle has-medium-font-size is-style-text-subtitle--11\"><strong><br>Rechte des Nutzers: Auskunft, Berichtigung und L\u00f6schung<\/strong><\/p>\n\n\n\n<p class=\"has-small-font-size\">Als Nutzer erhalten Sie auf Antrag Auskunft dar\u00fcber, welche personenbezogenen Daten \u00fcber Sie gespeichert wurden. Sofern Ihr Wunsch nicht mit einer gesetzlichen Pflicht zur Aufbewahrung von Daten (z. B. Vorratsdatenspeicherung) kollidiert, haben Sie ein Anrecht auf Berichtigung falscher Daten und auf die Sperrung oder L\u00f6schung Ihrer personenbezogenen Daten.<\/p>\n\n\n\n<p class=\"has-small-font-size\">Diese Datenschutzerkl\u00e4rung wurde von ithelps &#8211;&nbsp;<a href=\"https:\/\/www.ithelps-digital.com\/de\" target=\"_blank\" rel=\"noreferrer noopener\">SEO Agentur<\/a>&nbsp;und&nbsp;<a href=\"https:\/\/www.ithelps-digital.com\/de\/leistungen\/webdesign\" target=\"_blank\" rel=\"noreferrer noopener\">Webdesign Wien<\/a>&nbsp;rechtm\u00e4\u00dfig kopiert.<\/p>\n\n\n\n<p class=\"is-style-text-subtitle has-medium-font-size is-style-text-subtitle--12\"><strong><br>YouTube<\/strong><\/p>\n\n\n\n<p class=\"has-small-font-size\">Der Webauftritt verwendet f\u00fcr die Einbindung von Videos den Anbieter&nbsp;YouTube LLC ,&nbsp;901 Cherry Avenue, San Bruno, CA 94066, USA,&nbsp;vertreten durch Google Inc., 1600 Amphitheatre Parkway, Mountain View, CA 94043, USA. Normalerweise wird&nbsp;bereits bei Aufruf einer Seite mit&nbsp;eingebetteten Videos Ihre&nbsp;IP-Adresse an&nbsp;YouTube gesendet und Cookies auf Ihrem&nbsp;Rechner installiert. Wir haben unsere YouTube-Videos jedoch mit dem erweiterten Datenschutzmodus eingebunden (in diesem Fall nimmt&nbsp;YouTube immer noch Kontakt zu dem Dienst Double Klick von Google auf, doch werden&nbsp;dabei laut der Datenschutzerkl\u00e4rung von Google personenbezogene Daten nicht ausgewertet). Dadurch&nbsp;werden von YouTube keine Informationen \u00fcber die Besucher mehr&nbsp;gespeichert, es sei denn, sie sehen sich das Video an. Wenn Sie das&nbsp;Video anklicken, wird Ihre&nbsp;IP-Adresse an&nbsp;YouTube \u00fcbermittelt und&nbsp;YouTube erf\u00e4hrt, dass Sie das&nbsp;Video angesehen haben. Sind Sie bei&nbsp;YouTube eingeloggt, wird diese Information auch Ihrem Benutzerkonto zugeordnet (dies k\u00f6nnen Sie verhindern, indem Sie sich vor dem Aufrufen des Videos bei&nbsp;YouTube ausloggen).<\/p>\n\n\n\n<p class=\"has-small-font-size\">Von der dann m\u00f6glichen Erhebung und Verwendung Ihrer Daten durch&nbsp;YouTube haben wir keine Kenntnis und darauf auch keinen Einfluss. N\u00e4here Informationen k\u00f6nnen Sie der Datenschutzerkl\u00e4rung von&nbsp;YouTube &nbsp;unter&nbsp;<a href=\"http:\/\/www.google.de\/intl\/de\/policies\/privacy\/\" target=\"_blank\" rel=\"noreferrer noopener\">www.google.de\/intl\/de\/policies\/privacy\/<\/a>&nbsp;entnehmen. Zudem verweisen wir f\u00fcr den generellen Umgang mit und die Deaktivierung von Cookies auf unsere allgemeine Darstellung in dieser Datenschutzerkl\u00e4rung.<\/p>\n\n\n\n<p class=\"is-style-text-subtitle has-medium-font-size is-style-text-subtitle--13\"><strong>Google Remarketing<\/strong><\/p>\n\n\n\n<p class=\"has-small-font-size\">Wir verwenden au\u00dferdem die Remarketing-Funktion von Google. Dadurch k\u00f6nnen wir Ihnen auf geeigneten Werbepl\u00e4tzen auf anderen Webseiten personalisierte Werbung ausspielen, die darauf basiert, welche Interessen Sie auf unserer Webseite gezeigt haben. Diese M\u00f6glichkeit ist auf maximal 18 Monate beschr\u00e4nkt.<br><br>Weitere Informationen dazu finden Sie in der&nbsp;<a href=\"https:\/\/policies.google.com\/technologies\/ads?hl=de\">Datenschutzerkl\u00e4rung von Google<\/a>. Sie k\u00f6nnen interessenbasierte Werbung durch die&nbsp;<a href=\"https:\/\/support.google.com\/ads\/answer\/7395996\">Installation dieses Browser-Plugins<\/a>&nbsp;unterbinden.<\/p>\n\n\n\n<p class=\"is-style-text-subtitle has-medium-font-size is-style-text-subtitle--14\"><strong><br>Hotjar<\/strong><\/p>\n\n\n\n<p class=\"has-small-font-size\">Wir nutzen Hotjar, um die Bed\u00fcrfnisse unserer Nutzer besser zu verstehen und das Angebot und die Erfahrung auf dieser Webseite zu optimieren. Mithilfe der Technologie von Hotjar bekommen wir ein besseres Verst\u00e4ndnis von den Erfahrungen unserer Nutzer (z.B. wieviel Zeit Nutzer auf welchen Seiten verbringen, welche Links sie anklicken, was sie m\u00f6gen und was nicht etc.) und das hilft uns, unser Angebot am Feedback unserer Nutzer auszurichten. Hotjar arbeitet mit Cookies und anderen Technologien, um Daten \u00fcber das Verhalten unserer Nutzer und \u00fcber ihre Endger\u00e4te zu erheben, insbesondere IP Adresse des Ger\u00e4ts (wird w\u00e4hrend Ihrer Webseitennutzung nur in anonymisierter Form erfasst und gespeichert), Bildschirmgr\u00f6\u00dfe, Ger\u00e4tetyp (Unique Device Identifiers), Informationen \u00fcber den verwendeten Browser, Standort (nur Land), zum Anzeigen unserer Webseite bevorzugte Sprache. Hotjar speichert diese Informationen in unserem Auftrag in einem pseudonymisierten Nutzerprofil. Hotjar ist es vertraglich verboten, die in unserem Auftrag erhobenen Daten zu verkaufen.<br><br>Weitere Informationen finden Sie in unter dem Abschnitt \u201a<a href=\"https:\/\/help.hotjar.com\/hc\/en-us\/categories\/115001323967-About-Hotjar\">about Hotjar<\/a>\u2018 auf Hotjars Hilfe-Seite.<\/p>\n\n\n\n<p class=\"is-style-text-subtitle has-medium-font-size is-style-text-subtitle--15\"><strong>Microsoft Clarity<\/strong><\/p>\n\n\n\n<p class=\"is-style-text-subtitle has-small-font-size is-style-text-subtitle--16\">Wir verwenden auf unserer Webseite das Analysetool Microsoft Clarity, bereitgestellt von Microsoft Corporation, One Microsoft Way, Redmond, WA 98052-6399, USA. Microsoft Clarity erfasst Informationen \u00fcber das Nutzerverhalten auf unserer Webseite, einschlie\u00dflich Mausbewegungen, Klicks und Scroll-Aktivit\u00e4ten, um die Benutzerfreundlichkeit zu verbessern. Dabei k\u00f6nnen personenbezogene Daten wie IP-Adressen verarbeitet und an Server in den USA \u00fcbertragen werden. Microsoft ist Teilnehmer des EU-US Data Privacy Frameworks und hat sich zur Einhaltung des europ\u00e4ischen Datenschutzniveaus verpflichtet. Weitere Informationen finden Sie in der Datenschutzerkl\u00e4rung von Microsoft unter&nbsp;<a href=\"https:\/\/privacy.microsoft.com\/de-de\/privacystatement\">https:\/\/privacy.microsoft.com\/de-de\/privacystatement<\/a>. Die Rechtsgrundlage f\u00fcr die Nutzung von Microsoft Clarity ist Ihre Einwilligung gem\u00e4\u00df Art. 6 Abs. 1 lit. a DSGVO. Sie k\u00f6nnen Ihre Einwilligung jederzeit mit Wirkung f\u00fcr die Zukunft widerrufen.<\/p>\n\n\n\n<p><\/p>\n","protected":false},"excerpt":{"rendered":"<p>Geltungsbereich Diese Datenschutzerkl\u00e4rung soll Nutzer dieser Webseite gem\u00e4\u00df der europ\u00e4ischen Datenschutzgrundverordnung (DSGVO) \u00fcber die Art, den Umfang und den Zweck der Erhebung und Verwendung personenbezogener Daten durch den Webseitenbetreiber informieren.Der Webseitenbetreiber nimmt Datenschutz sehr ernst und behandelt personenbezogene Daten vertraulich und entsprechend gesetzlichen Vorschriften.Bedenken Sie, dass bei Daten\u00fcbertragung im Internet grunds\u00e4tzlich ein Risiko von Sicherheitsl\u00fccken [&hellip;]<\/p>\n","protected":false},"author":1,"featured_media":0,"parent":0,"menu_order":0,"comment_status":"closed","ping_status":"closed","template":"","meta":{"footnotes":""},"class_list":["post-10","page","type-page","status-publish","hentry"],"jetpack_sharing_enabled":true,"_links":{"self":[{"href":"https:\/\/kratochwil.at\/woo\/wp-json\/wp\/v2\/pages\/10","targetHints":{"allow":["GET"]}}],"collection":[{"href":"https:\/\/kratochwil.at\/woo\/wp-json\/wp\/v2\/pages"}],"about":[{"href":"https:\/\/kratochwil.at\/woo\/wp-json\/wp\/v2\/types\/page"}],"author":[{"embeddable":true,"href":"https:\/\/kratochwil.at\/woo\/wp-json\/wp\/v2\/users\/1"}],"replies":[{"embeddable":true,"href":"https:\/\/kratochwil.at\/woo\/wp-json\/wp\/v2\/comments?post=10"}],"version-history":[{"count":2,"href":"https:\/\/kratochwil.at\/woo\/wp-json\/wp\/v2\/pages\/10\/revisions"}],"predecessor-version":[{"id":13,"href":"https:\/\/kratochwil.at\/woo\/wp-json\/wp\/v2\/pages\/10\/revisions\/13"}],"wp:attachment":[{"href":"https:\/\/kratochwil.at\/woo\/wp-json\/wp\/v2\/media?parent=10"}],"curies":[{"name":"wp","href":"https:\/\/api.w.org\/{rel}","templated":true}]}}